{"id":110,"date":"2015-10-27T00:06:01","date_gmt":"2015-10-26T22:06:01","guid":{"rendered":"http:\/\/schule-altengamme.schulhomepages.hamburg.de\/?page_id=110"},"modified":"2025-05-30T16:38:06","modified_gmt":"2025-05-30T14:38:06","slug":"schulfasching","status":"publish","type":"page","link":"https:\/\/schule-altengamme-deich.hamburg.de\/?page_id=110","title":{"rendered":"Schulfasching im Februar"},"content":{"rendered":"<div class=\"maintext\">\n<div align=\"justify\">Allj\u00e4hrlich feiern wir mit der gesamten Schule Fasching. Ehrensache, dass sich auch die Lehrer verkleiden. Neben gemeinsamen Spielen und leckerem R\u00e4uberfr\u00fchst\u00fcck in den Klassen gibt es immer auch eine schul\u00fcbergreifende Aktion. So hatten wir bereits Besuch von Liedermachern, Bands, einem Zauberer und Trommlern. Es ist immer laut, bunt und lustig!<\/div>\n<\/div>\n","protected":false},"excerpt":{"rendered":"<p>Allj\u00e4hrlich feiern wir mit der gesamten Schule Fasching. Ehrensache, dass sich auch die Lehrer verkleiden. Neben gemeinsamen Spielen und leckerem R\u00e4uberfr\u00fchst\u00fcck in den Klassen gibt es immer auch eine schul\u00fcbergreifende Aktion. So hatten wir bereits Besuch von Liedermachern, Bands, einem Zauberer und Trommlern. Es ist immer laut, bunt und lustig!<\/p>\n","protected":false},"author":156,"featured_media":0,"parent":84,"menu_order":9,"comment_status":"closed","ping_status":"closed","template":"","meta":{"_acf_changed":false,"footnotes":""},"class_list":["post-110","page","type-page","status-publish","hentry"],"acf":[],"_links":{"self":[{"href":"https:\/\/schule-altengamme-deich.hamburg.de\/index.php?rest_route=\/wp\/v2\/pages\/110","targetHints":{"allow":["GET"]}}],"collection":[{"href":"https:\/\/schule-altengamme-deich.hamburg.de\/index.php?rest_route=\/wp\/v2\/pages"}],"about":[{"href":"https:\/\/schule-altengamme-deich.hamburg.de\/index.php?rest_route=\/wp\/v2\/types\/page"}],"author":[{"embeddable":true,"href":"https:\/\/schule-altengamme-deich.hamburg.de\/index.php?rest_route=\/wp\/v2\/users\/156"}],"replies":[{"embeddable":true,"href":"https:\/\/schule-altengamme-deich.hamburg.de\/index.php?rest_route=%2Fwp%2Fv2%2Fcomments&post=110"}],"version-history":[{"count":1,"href":"https:\/\/schule-altengamme-deich.hamburg.de\/index.php?rest_route=\/wp\/v2\/pages\/110\/revisions"}],"predecessor-version":[{"id":1396,"href":"https:\/\/schule-altengamme-deich.hamburg.de\/index.php?rest_route=\/wp\/v2\/pages\/110\/revisions\/1396"}],"up":[{"embeddable":true,"href":"https:\/\/schule-altengamme-deich.hamburg.de\/index.php?rest_route=\/wp\/v2\/pages\/84"}],"wp:attachment":[{"href":"https:\/\/schule-altengamme-deich.hamburg.de\/index.php?rest_route=%2Fwp%2Fv2%2Fmedia&parent=110"}],"curies":[{"name":"wp","href":"https:\/\/api.w.org\/{rel}","templated":true}]}}