{"id":113,"date":"2015-10-27T00:14:57","date_gmt":"2015-10-26T22:14:57","guid":{"rendered":"http:\/\/schule-altengamme.schulhomepages.hamburg.de\/?page_id=113"},"modified":"2025-05-30T16:45:45","modified_gmt":"2025-05-30T14:45:45","slug":"autorenlesung","status":"publish","type":"page","link":"https:\/\/schule-altengamme-deich.hamburg.de\/?page_id=113","title":{"rendered":"Autorenlesungen im Oktober"},"content":{"rendered":"<div class=\"maintext\">\n<p style=\"text-align: justify\">Wir nehmen regelm\u00e4\u00dfig am Seiteneinsteiger-Lesefest teil und freuen uns immer sehr \u00fcber die tollen Autoren, die uns spannende B\u00fccher mitbringen.<\/p>\n<\/div>\n","protected":false},"excerpt":{"rendered":"<p>Wir nehmen regelm\u00e4\u00dfig am Seiteneinsteiger-Lesefest teil und freuen uns immer sehr \u00fcber die tollen Autoren, die uns spannende B\u00fccher mitbringen.<\/p>\n","protected":false},"author":156,"featured_media":0,"parent":84,"menu_order":12,"comment_status":"closed","ping_status":"closed","template":"","meta":{"_acf_changed":false,"footnotes":""},"class_list":["post-113","page","type-page","status-publish","hentry"],"acf":[],"_links":{"self":[{"href":"https:\/\/schule-altengamme-deich.hamburg.de\/index.php?rest_route=\/wp\/v2\/pages\/113","targetHints":{"allow":["GET"]}}],"collection":[{"href":"https:\/\/schule-altengamme-deich.hamburg.de\/index.php?rest_route=\/wp\/v2\/pages"}],"about":[{"href":"https:\/\/schule-altengamme-deich.hamburg.de\/index.php?rest_route=\/wp\/v2\/types\/page"}],"author":[{"embeddable":true,"href":"https:\/\/schule-altengamme-deich.hamburg.de\/index.php?rest_route=\/wp\/v2\/users\/156"}],"replies":[{"embeddable":true,"href":"https:\/\/schule-altengamme-deich.hamburg.de\/index.php?rest_route=%2Fwp%2Fv2%2Fcomments&post=113"}],"version-history":[{"count":4,"href":"https:\/\/schule-altengamme-deich.hamburg.de\/index.php?rest_route=\/wp\/v2\/pages\/113\/revisions"}],"predecessor-version":[{"id":1403,"href":"https:\/\/schule-altengamme-deich.hamburg.de\/index.php?rest_route=\/wp\/v2\/pages\/113\/revisions\/1403"}],"up":[{"embeddable":true,"href":"https:\/\/schule-altengamme-deich.hamburg.de\/index.php?rest_route=\/wp\/v2\/pages\/84"}],"wp:attachment":[{"href":"https:\/\/schule-altengamme-deich.hamburg.de\/index.php?rest_route=%2Fwp%2Fv2%2Fmedia&parent=113"}],"curies":[{"name":"wp","href":"https:\/\/api.w.org\/{rel}","templated":true}]}}