{"id":1461,"date":"2025-05-30T18:02:16","date_gmt":"2025-05-30T16:02:16","guid":{"rendered":"https:\/\/schule-altengamme-deich.hamburg.de\/?page_id=1461"},"modified":"2025-05-30T18:03:52","modified_gmt":"2025-05-30T16:03:52","slug":"barrierefreiheit","status":"publish","type":"page","link":"https:\/\/schule-altengamme-deich.hamburg.de\/?page_id=1461","title":{"rendered":"Barrierefreiheit"},"content":{"rendered":"<p>ERKL\u00c4RUNG ZUR BARRIEREFREIHEIT<br \/>\nDiese Erkl\u00e4rung zur Barrierefreiheit gilt f\u00fcr die unter www.schule-altengamme-deich.hamburg.de ver\u00f6ffentlichte Website der Schule Altengamme-Deich.<br \/>\nIm Sinne von Paragraph 2 des Hamburgischen Behindertengleichstellungsgesetzes (nachfolgend bezeichnet als HmbBGG) sind wir bem\u00fcht, unsere Websites und mobilen Anwendungen im Einklang mit den Bestimmungen des HmbBGG sowie der Hamburgischen Barrierefreien Informationstechnik-Verordnung (nachfolgend bezeichnet als HmbBITVO) zur Umsetzung der Richtlinie (EU) 2016\/2102 barrierefrei zug\u00e4nglich zu machen.<\/p>\n<p><strong>Stand der Vereinbarkeit mit den Anforderungen<\/strong><br \/>\nDie Anforderungen der Barrierefreiheit ergeben sich aus Paragraph 1 HmbBITVO in Verbindung mit den Paragraphen 3 Abs\u00e4tze 1 bis 4 und Paragraph 4 der BITV des Bundes,<br \/>\ndie auf der Grundlage von Paragraph 11 HmbBGG erlassen wurde.<br \/>\nDie \u00dcberpr\u00fcfung der Einhaltung der Anforderungen beruht auf einer Pr\u00fcfung durch Carolin Jacob, Kompetenzzentrum f\u00fcr digitale Barrierefreiheit und Software- Ergonomie, Deutsche Telekom MMS f\u00fcr Dataport vorgenommenen Bewertung am 28.07.2023. Die Website wurde vereinfacht gepr\u00fcft. Das hei\u00dft, dass nicht der gesamte Webauftritt, sondern nur einzelne Seiten anhand einer Auswahl aus den Anforderungen der EN 301 549 des Anhangs A Tabelle A.1 gepr\u00fcft wurden. Die Pr\u00fcfung wurde weitestgehend nach dem BIK BITV-Web-Test beschriebenen Testverfahren durchgef\u00fchrt.<\/p>\n<p>Aufgrund der \u00dcberpr\u00fcfung ist die Website mit den zuvor genannten Anforderungen mit einigen wenigen Ausnahmen erf\u00fcllt.<\/p>\n<p>Barrierefreiheit<br \/>\nDiese Erkl\u00e4rung wurde am 09.12.2024 erstellt.<br \/>\nBarrieren melden: Gerhild.Roenner(at)bsb.hamburg.de<\/p>\n<p>Wenn auch nach Ihrem Feedback an den oben genannten Kontakt keine zufriedenstellende L\u00f6sung gefunden wurde, k\u00f6nnen Sie sich an die Schlichtungsstelle nach Paragraph 13 a HmbBGG wenden. Die Schlichtungsstelle hat die Aufgabe, bei Konflikten zum Thema Barrierefreiheit zwischen Menschen mit Behinderungen und \u00f6ffentlichen Stellen eine au\u00dfergerichtliche Streitbeilegung zu unterst\u00fctzen. Das Schlichtungsverfahren ist kostenlos.<br \/>\nEs muss kein Rechtsbeistand eingeschaltet werden.<\/p>\n<p>Weitere Informationen finden Sie unter<br \/>\nhttps:\/\/www.hamburg.de\/schlichtungsstelle-behinderung.<br \/>\nSo erreichen Sie die Schlichtungsstelle:<br \/>\nE-Mail: schlichtungsstelle-hmbbgg@soziales.hamburg.de<br \/>\nPost: Schlichtungsstelle HmbBGG<br \/>\nc\/o \u00d6ffentliche Rechtsauskunft- und Vergleichsstelle (\u00d6RA)<br \/>\nDammtorstra\u00dfe 14, 20354 Hamburg<\/p>\n","protected":false},"excerpt":{"rendered":"<p>ERKL\u00c4RUNG ZUR BARRIEREFREIHEIT Diese Erkl\u00e4rung zur Barrierefreiheit gilt f\u00fcr die unter www.schule-altengamme-deich.hamburg.de ver\u00f6ffentlichte Website der Schule Altengamme-Deich. Im Sinne von Paragraph 2 des Hamburgischen Behindertengleichstellungsgesetzes (nachfolgend bezeichnet als HmbBGG) sind wir bem\u00fcht, unsere Websites und mobilen Anwendungen im Einklang mit den Bestimmungen des HmbBGG sowie der Hamburgischen Barrierefreien Informationstechnik-Verordnung (nachfolgend bezeichnet als HmbBITVO) zur Umsetzung &hellip; <a href=\"https:\/\/schule-altengamme-deich.hamburg.de\/?page_id=1461\" class=\"more-link\"><span class=\"screen-reader-text\">Barrierefreiheit<\/span> weiterlesen <span class=\"meta-nav\">&rarr;<\/span><\/a><\/p>\n","protected":false},"author":156,"featured_media":0,"parent":0,"menu_order":0,"comment_status":"closed","ping_status":"closed","template":"","meta":{"_acf_changed":false,"footnotes":""},"class_list":["post-1461","page","type-page","status-publish","hentry"],"acf":[],"_links":{"self":[{"href":"https:\/\/schule-altengamme-deich.hamburg.de\/index.php?rest_route=\/wp\/v2\/pages\/1461","targetHints":{"allow":["GET"]}}],"collection":[{"href":"https:\/\/schule-altengamme-deich.hamburg.de\/index.php?rest_route=\/wp\/v2\/pages"}],"about":[{"href":"https:\/\/schule-altengamme-deich.hamburg.de\/index.php?rest_route=\/wp\/v2\/types\/page"}],"author":[{"embeddable":true,"href":"https:\/\/schule-altengamme-deich.hamburg.de\/index.php?rest_route=\/wp\/v2\/users\/156"}],"replies":[{"embeddable":true,"href":"https:\/\/schule-altengamme-deich.hamburg.de\/index.php?rest_route=%2Fwp%2Fv2%2Fcomments&post=1461"}],"version-history":[{"count":2,"href":"https:\/\/schule-altengamme-deich.hamburg.de\/index.php?rest_route=\/wp\/v2\/pages\/1461\/revisions"}],"predecessor-version":[{"id":1466,"href":"https:\/\/schule-altengamme-deich.hamburg.de\/index.php?rest_route=\/wp\/v2\/pages\/1461\/revisions\/1466"}],"wp:attachment":[{"href":"https:\/\/schule-altengamme-deich.hamburg.de\/index.php?rest_route=%2Fwp%2Fv2%2Fmedia&parent=1461"}],"curies":[{"name":"wp","href":"https:\/\/api.w.org\/{rel}","templated":true}]}}