{"id":29,"date":"2015-10-26T21:33:52","date_gmt":"2015-10-26T19:33:52","guid":{"rendered":"http:\/\/schule-altengamme.schulhomepages.hamburg.de\/?page_id=29"},"modified":"2025-05-30T17:44:53","modified_gmt":"2025-05-30T15:44:53","slug":"impressum","status":"publish","type":"page","link":"https:\/\/schule-altengamme-deich.hamburg.de\/?page_id=29","title":{"rendered":"Impressum und Kontakt"},"content":{"rendered":"<h4 class=\"maintext\">Grundschule Altengamme-Deich<\/h4>\n<p class=\"maintext\">Kirchenstegel 12<\/p>\n<p class=\"maintext\">21039 Hamburg<\/p>\n<p class=\"maintext\">Tel.: 040 \/ 4289631 &#8211; 30<\/p>\n<p>E-Mail: Schule-altengamme-Deich@bsb.hamburg.de<\/p>\n<p class=\"maintext\">Schulleitung: Gerhild R\u00f6nner (Gerhild.Roenner@bsb.hamburg.de)<\/p>\n<p class=\"maintext\">Webmaster: Inke Steffens<\/p>\n<p class=\"maintext\">Fotos:<\/p>\n<p class=\"maintext\" style=\"padding-left: 30px\">\u00a9 Inke Steffens, Grundschule Altengamme-Deich<\/p>\n<p class=\"maintext\" style=\"padding-left: 30px\">\u00a9 Tobias G\u00e4tke, freier Fotograf &#8211; Altengamme<\/p>\n<hr \/>\n<p><strong>Schultr\u00e4ger<\/strong><br \/>\nFreie und Hansestadt Hamburg<br \/>\nBeh\u00f6rde f\u00fcr Schule und Berufsbildung<br \/>\nHamburger Stra\u00dfe 31<br \/>\n22083 Hamburg<br \/>\nTelefon: (040) 42863-0<br \/>\nFax: (040) 42863-4132<\/p>\n<p><b>Haftungsausschluss:<\/b><\/p>\n<div class=\"maintext\">\n<p><b>Haftung f\u00fcr Links<\/b><\/p>\n<p>F\u00fcr die Inhalte der verlinkten Seiten ist stets der jeweilige Anbieter oder Betreiber der Seiten verantwortlich. Die verlinkten Seiten wurden zum Zeitpunkt der Verlinkung auf m\u00f6gliche Rechtsverst\u00f6\u00dfe \u00fcberpr\u00fcft. Rechtswidrige Inhalte waren zum Zeitpunkt der Verlinkung nicht erkennbar. Eine permanente inhaltliche Kontrolle der verlinkten Seiten ist jedoch ohne konkrete Anhaltspunkte einer Rechtsverletzung nicht zumutbar. Bei Bekanntwerden von Rechtsverletzungen werden wir derartige Links umgehend entfernen.<\/p>\n<p><b>Datenschutz<\/b><\/p>\n<p>Die Nutzung unserer Webseite ist ohne Angabe personenbezogener Daten m\u00f6glich. Soweit auf unseren Seiten personenbezogene Daten (beispielsweise Name, Anschrift oder E-Mail-Adressen) erhoben werden, erfolgt dies, soweit m\u00f6glich, stets auf freiwilliger Basis. Diese Daten werden ohne Ihre ausdr\u00fcckliche Zustimmung nicht an Dritte weitergegeben.<\/p>\n<p>Der Nutzung von im Rahmen der Impressumspflicht ver\u00f6ffentlichten Kontaktdaten durch Dritte zur \u00dcbersendung von nicht ausdr\u00fccklich angeforderter Werbung und Informationsmaterialien wird hiermit ausdr\u00fccklich widersprochen. Die Betreiber der Seiten behalten sich ausdr\u00fccklich rechtliche Schritte im Falle der unverlangten Zusendung von Werbeinformationen, etwa durch Spam-Mails, vor.<\/p>\n<\/div>\n","protected":false},"excerpt":{"rendered":"<p>Grundschule Altengamme-Deich Kirchenstegel 12 21039 Hamburg Tel.: 040 \/ 4289631 &#8211; 30 E-Mail: Schule-altengamme-Deich@bsb.hamburg.de Schulleitung: Gerhild R\u00f6nner (Gerhild.Roenner@bsb.hamburg.de) Webmaster: Inke Steffens Fotos: \u00a9 Inke Steffens, Grundschule Altengamme-Deich \u00a9 Tobias G\u00e4tke, freier Fotograf &#8211; Altengamme Schultr\u00e4ger Freie und Hansestadt Hamburg Beh\u00f6rde f\u00fcr Schule und Berufsbildung Hamburger Stra\u00dfe 31 22083 Hamburg Telefon: (040) 42863-0 Fax: (040) 42863-4132 &hellip; <a href=\"https:\/\/schule-altengamme-deich.hamburg.de\/?page_id=29\" class=\"more-link\"><span class=\"screen-reader-text\">Impressum und Kontakt<\/span> weiterlesen <span class=\"meta-nav\">&rarr;<\/span><\/a><\/p>\n","protected":false},"author":156,"featured_media":0,"parent":0,"menu_order":0,"comment_status":"closed","ping_status":"closed","template":"","meta":{"_acf_changed":false,"footnotes":""},"class_list":["post-29","page","type-page","status-publish","hentry"],"acf":[],"_links":{"self":[{"href":"https:\/\/schule-altengamme-deich.hamburg.de\/index.php?rest_route=\/wp\/v2\/pages\/29","targetHints":{"allow":["GET"]}}],"collection":[{"href":"https:\/\/schule-altengamme-deich.hamburg.de\/index.php?rest_route=\/wp\/v2\/pages"}],"about":[{"href":"https:\/\/schule-altengamme-deich.hamburg.de\/index.php?rest_route=\/wp\/v2\/types\/page"}],"author":[{"embeddable":true,"href":"https:\/\/schule-altengamme-deich.hamburg.de\/index.php?rest_route=\/wp\/v2\/users\/156"}],"replies":[{"embeddable":true,"href":"https:\/\/schule-altengamme-deich.hamburg.de\/index.php?rest_route=%2Fwp%2Fv2%2Fcomments&post=29"}],"version-history":[{"count":3,"href":"https:\/\/schule-altengamme-deich.hamburg.de\/index.php?rest_route=\/wp\/v2\/pages\/29\/revisions"}],"predecessor-version":[{"id":1460,"href":"https:\/\/schule-altengamme-deich.hamburg.de\/index.php?rest_route=\/wp\/v2\/pages\/29\/revisions\/1460"}],"wp:attachment":[{"href":"https:\/\/schule-altengamme-deich.hamburg.de\/index.php?rest_route=%2Fwp%2Fv2%2Fmedia&parent=29"}],"curies":[{"name":"wp","href":"https:\/\/api.w.org\/{rel}","templated":true}]}}