{"id":7,"date":"2015-10-26T21:22:59","date_gmt":"2015-10-26T19:22:59","guid":{"rendered":"http:\/\/schule-altengamme.schulhomepages.hamburg.de\/?page_id=7"},"modified":"2025-05-30T17:15:12","modified_gmt":"2025-05-30T15:15:12","slug":"eine-schule-im-dorfe","status":"publish","type":"page","link":"https:\/\/schule-altengamme-deich.hamburg.de\/","title":{"rendered":"Leitbild"},"content":{"rendered":"<div class=\"entry-content\">\n<div class=\"maintext\">\n<p><strong>Altengamme \u2013 eine Schule im Dorfe<\/strong><\/p>\n<p>Die Schule Altengamme-Deich ist eine kleine Grundschule im Osten Hamburgs direkt an der Grenze zu Schleswig-Holstein und Niedersachsen. Die Schule gibt es bereits seit 1913. Auch vor diesem Zeitpunkt wurden die Kinder im Ort bereits unterrichtet- es gab eine \u201eKirchenschule\u201c im heutigen Wohnhaus des Pastors.<\/p>\n<p>Das alte Schulgeb\u00e4ude geh\u00f6rt zu einem historischen Geb\u00e4udeensemble, das aus der Kirche, dem Gemeindehaus mit Kindergarten, dem Pastorat und der Schule besteht. Der Neubau (Mensa und Vorschulraum) kam 2014 dazu<\/p>\n<p>Die KollegInnen m\u00f6chten ihre Schule als\u00a0<strong>\u201eSchule im Dorfe\u201c<\/strong>\u00a0verstanden wissen.<\/p>\n<p>Altengamme verf\u00fcgt \u00fcber ein reiches Vereinsleben und lebt vom ehrenamtlichen Engagement. Die freundschaftliche Zusammenarbeit mit den d\u00f6rflichen Institutionen (Kindergarten, Feuerwehr, Sportverein Altengamme, Polizeiwache, Kirche) ist ausdr\u00fccklich erw\u00fcnscht und wird intensiv gef\u00f6rdert.<\/p>\n<p>Eine Reihe gemeinsamer Veranstaltungen und Unternehmungen wurden in den letzten Jahren institutionalisiert.<\/p>\n<p>Die Kinder unserer Schule sind Teil der d\u00f6rflichen Gemeinschaft. Sie erleben gemeinsame Veranstaltungen als Teilnehmer (z.B. beim Laternenfest) oder gestalten das Fest mit (z.B.Kuchenverkauf beim Apfelfest) Dies sind ritualisierte Feste im Jahresverlauf.<\/p>\n<p>So tragen alle mit an der Verantwortung f\u00fcr ein starkes WIR-Gef\u00fchl im Dorf.<\/p>\n<p>Die Schule befindet sich nicht nur an einem zentralen Platz im Dorfe sondern m\u00f6chte sich auch in einer zentralen Rolle als Bindeglied zwischen allen d\u00f6rflichen Einrichtungen verstanden wissen.<\/p>\n<p>Au\u00dferschulische Lernorte, die genaue Kenntnis des Stadtteils und seiner Besonderheiten, soziales Lernen in einer Gemeinschaft geh\u00f6ren zu den grundlegenden Notwendigkeiten des Schulalltags.<\/p>\n<p>Es hat sich bei den Diskussionen zur Schulstandortplanung gezeigt, wie wichtig die Erhaltung des Schulstandortes Altengamme f\u00fcr\u00a0die Existenz des Ortes Altengamme insgesamt ist.<\/p>\n<p>Wir als Kollegium sind bereit, uns den Anforderungen zu stellen, die das Zusammenleben in einer so engen d\u00f6rflichen Gemeinschaft an die Institution Schule stellt. Deshalb ist es uns wichtig, den Leitgedanken, unsere Schule nicht als isolierte Einrichtung, sondern als Lebensmittelpunkt des Dorfes zu sehen, in unserer Eltern- und Sch\u00fclerschaft sowie unter den Bewohnern des Dorfes\u00a0zu verbreiten und so zu agieren, dass unser Ziel von allen unterst\u00fctzt wird.<\/p>\n<\/div>\n<\/div>\n","protected":false},"excerpt":{"rendered":"<p>Altengamme \u2013 eine Schule im Dorfe Die Schule Altengamme-Deich ist eine kleine Grundschule im Osten Hamburgs direkt an der Grenze zu Schleswig-Holstein und Niedersachsen. Die Schule gibt es bereits seit 1913. Auch vor diesem Zeitpunkt wurden die Kinder im Ort bereits unterrichtet- es gab eine \u201eKirchenschule\u201c im heutigen Wohnhaus des Pastors. Das alte Schulgeb\u00e4ude geh\u00f6rt &hellip; <a href=\"https:\/\/schule-altengamme-deich.hamburg.de\/\" class=\"more-link\"><span class=\"screen-reader-text\">Leitbild<\/span> weiterlesen <span class=\"meta-nav\">&rarr;<\/span><\/a><\/p>\n","protected":false},"author":156,"featured_media":0,"parent":0,"menu_order":0,"comment_status":"closed","ping_status":"closed","template":"","meta":{"_acf_changed":false,"footnotes":""},"class_list":["post-7","page","type-page","status-publish","hentry"],"acf":[],"_links":{"self":[{"href":"https:\/\/schule-altengamme-deich.hamburg.de\/index.php?rest_route=\/wp\/v2\/pages\/7","targetHints":{"allow":["GET"]}}],"collection":[{"href":"https:\/\/schule-altengamme-deich.hamburg.de\/index.php?rest_route=\/wp\/v2\/pages"}],"about":[{"href":"https:\/\/schule-altengamme-deich.hamburg.de\/index.php?rest_route=\/wp\/v2\/types\/page"}],"author":[{"embeddable":true,"href":"https:\/\/schule-altengamme-deich.hamburg.de\/index.php?rest_route=\/wp\/v2\/users\/156"}],"replies":[{"embeddable":true,"href":"https:\/\/schule-altengamme-deich.hamburg.de\/index.php?rest_route=%2Fwp%2Fv2%2Fcomments&post=7"}],"version-history":[{"count":14,"href":"https:\/\/schule-altengamme-deich.hamburg.de\/index.php?rest_route=\/wp\/v2\/pages\/7\/revisions"}],"predecessor-version":[{"id":1447,"href":"https:\/\/schule-altengamme-deich.hamburg.de\/index.php?rest_route=\/wp\/v2\/pages\/7\/revisions\/1447"}],"wp:attachment":[{"href":"https:\/\/schule-altengamme-deich.hamburg.de\/index.php?rest_route=%2Fwp%2Fv2%2Fmedia&parent=7"}],"curies":[{"name":"wp","href":"https:\/\/api.w.org\/{rel}","templated":true}]}}